{"id":21755,"date":"2019-07-20T22:30:15","date_gmt":"2019-07-20T22:30:15","guid":{"rendered":"http:\/\/ehrenfeld.fabian-wilczek.de\/?page_id=21755"},"modified":"2019-07-21T21:46:43","modified_gmt":"2019-07-21T21:46:43","slug":"ehrenszene","status":"publish","type":"page","link":"http:\/\/ehrenfeld.fabian-wilczek.de\/?page_id=21755","title":{"rendered":"EhrenSzene"},"content":{"rendered":"<p>[vc_row row_type=&#8220;row&#8220; use_row_as_full_screen_section=&#8220;no&#8220; type=&#8220;grid&#8220; text_align=&#8220;left&#8220; background_animation=&#8220;none&#8220; css_animation=&#8220;&#8220;][vc_column][vc_gallery type=&#8220;flexslider_slide&#8220; interval=&#8220;3&#8243; images=&#8220;21677,21678,21676&#8243; img_size=&#8220;full&#8220; onclick=&#8220;&#8220;][\/vc_column][\/vc_row][vc_row row_type=&#8220;row&#8220; use_row_as_full_screen_section=&#8220;no&#8220; type=&#8220;grid&#8220; text_align=&#8220;left&#8220; background_animation=&#8220;none&#8220; css_animation=&#8220;&#8220;][vc_column css_animation=&#8220;top-to-bottom&#8220; width=&#8220;1\/2&#8243;][vc_column_text]<\/p>\n<p class=\"p1\"><span class=\"s1\">Die EhrenSzene ist eine Lineare serifenlose Schrift. Sie ist eine schmale Urspr\u00fcngliche Grotesk. Die Schrift ist angelehnt an informelle Schriftanwendungen wie Konzertplakate oder Garagenschilder, wo fehlender Platz \u00f6konomische, schmal laufende Schriften erfordert. Um die Dynamik in den oft steifen schmalen Graden zu erhalten, sind die horizontalen Strichendungen angeschr\u00e4gt. <\/span><\/p>\n<p>[\/vc_column_text][\/vc_column][vc_column css_animation=&#8220;top-to-bottom&#8220; width=&#8220;1\/2&#8243;][vc_column_text]<\/p>\n<p class=\"p1\"><span class=\"s1\">in gro\u00dfer Teil der Anziehungskraft, die Ehrenfeld heute auf junge Leute aus\u00fcbt, beruht auf der alternativen Club- und Kunstszene, die sich hier entwickelt hat und zur Diversit\u00e4t des Standortes beitr\u00e4gt. Diese Szene besetzt Nischen im Stadtbild und beg\u00fcnstigt die Entwicklung eines urbanen, kulturell vielf\u00e4ltigen Stadtteils.<\/span><\/p>\n<p>[\/vc_column_text][\/vc_column][\/vc_row][vc_row row_type=&#8220;row&#8220; use_row_as_full_screen_section=&#8220;no&#8220; type=&#8220;full_width&#8220; text_align=&#8220;left&#8220; background_animation=&#8220;none&#8220; css_animation=&#8220;&#8220;][vc_column][vc_separator type=&#8220;normal&#8220; border_style=&#8220;&#8220;][\/vc_column][\/vc_row][vc_row row_type=&#8220;row&#8220; use_row_as_full_screen_section=&#8220;no&#8220; type=&#8220;grid&#8220; text_align=&#8220;left&#8220; background_animation=&#8220;none&#8220; css_animation=&#8220;&#8220;][vc_column css_animation=&#8220;top-to-bottom&#8220;][vc_column_text]\t\t\t<div class='fontsampler-wrapper on-loading'\n\t\t\t     data-fonts='\/\/ehrenfeld.fabian-wilczek.de\/wp-content\/uploads\/2019\/07\/EhrenSzene-Bold.woff'\n\t\t\t\t\t\t\t\t\t\t\t\t\tdata-overwrites='{\"\\\/\\\/ehrenfeld.fabian-wilczek.de\\\/wp-content\\\/uploads\\\/2019\\\/07\\\/EhrenSzene-Bold.woff\":\"EhrenSzene\"}'\n\t\t\t\t\t\t\t>\n\t\t\t<div class=\"type-tester\"\n     data-min-font-size=\"8\"\n     data-max-font-size=\"255\"\n     data-unit-font-size=\"px\"\n     data-value-font-size=\"96\"\n     data-step-font-size=\"1\"\n\n     data-min-letter-spacing=\"-5\"\n     data-max-letter-spacing=\"5\"\n     data-unit-letter-spacing=\"px\"\n     data-value-letter-spacing=\"0\"\n     data-step-letter-spacing=\"1\"\n\n     data-min-line-height=\"70\"\n     data-max-line-height=\"300\"\n     data-unit-line-height=\"%\"\n     data-value-line-height=\"110\"\n     data-step-line-height=\"1\">\n\n\t<div class=\"fontsampler-interface columns-3 fontsampler-id-7\">\n\n\t\t<div class=\"fontsampler-ui-block full fontsampler-ui-block-fontsampler\" \n\t\t\t\tdata-block=\"fontsampler\">\t\t\t\t\t\t<div autocomplete=\"off\" autocorrect=\"off\" autocapitalize=\"off\" spellcheck=\"false\"\n\t\t\t\t\t\t    class=\"current-font type-tester__content \"\n\t\t\t\t\t\t    contenteditable=\"true\"\n\t\t\t\t\t\t\t                            \n\t\t\t\t\t\t\tstyle=\"text-align: left;\n\t\t\t\t\t\t\t\t\t\t\t\t\t\t\t\t    font-size: 96px;\n\t\t\t\t\t\t\t\t    letter-spacing: 0px;\n\t\t\t\t\t\t\t\t    line-height: 110%;\"\n\t\t\t\t\t\t\t\t\t\t\t\t\t\t\tdata-notdef=\"0\"\n\t\t\t\t\t\t\n\t\t\t\t\t\t>Probier mich aus<\/div>\n\n\t\t\t\t\t\t<\/div><div class=\"fontsampler-ui-block column fontsampler-ui-block-fontsize\" \n\t\t\t\tdata-block=\"fontsize\">\t\t\t\t\t\t\t<label class=\"fontsampler-slider\">\n\t\t\t\t\t\t\t\t<span class=\"fontsampler-slider-header\">\n\t\t\t\t\t\t\t\t\t<span class=\"slider-label\">Gr\u00f6\u00dfe<\/span>\n\t\t\t\t\t\t\t\t\t<span class=\"slider-value type-tester__label\" data-target-property=\"font-size\"><\/span>\n\t\t\t\t\t\t\t\t<\/span>\n\t\t\t\t\t\t\t\t<div class=\"type-tester__slider\" data-target-property=\"font-size\" \n\t\t\t\t\t\t\t\t\t><\/div>\n\t\t\t\t\t\t\t<\/label>\n\t\t\t\t\t\t<\/div><div class=\"fontsampler-ui-block column fontsampler-ui-block-letterspacing\" \n\t\t\t\tdata-block=\"letterspacing\">\t\t\t\t\t\t\t<label class=\"fontsampler-slider\">\n\t\t\t\t\t\t\t\t<span class=\"fontsampler-slider-header\">\n\t\t\t\t\t\t\t\t\t<span class=\"slider-label\">Laufweite<\/span>\n\t\t\t\t\t\t\t\t\t<span class=\"slider-value type-tester__label\" data-target-property=\"letter-spacing\"><\/span>\n\t\t\t\t\t\t\t\t<\/span>\n\t\t\t\t\t\t\t\t<div class=\"type-tester__slider\" data-target-property=\"letter-spacing\" \n\t\t\t\t\t\t\t\t\t><\/div>\n\t\t\t\t\t\t\t<\/label>\n\t\t\t\t\t\t<\/div><div class=\"fontsampler-ui-block column fontsampler-ui-block-lineheight\" \n\t\t\t\tdata-block=\"lineheight\">\t\t\t\t\t\t\t<label class=\"fontsampler-slider\">\n\t\t\t\t\t\t\t\t<span class=\"fontsampler-slider-header\">\n\t\t\t\t\t\t\t\t\t<span class=\"slider-label\">Zeilenabstand<\/span>\n\t\t\t\t\t\t\t\t\t<span class=\"slider-value type-tester__label\" data-target-property=\"line-height\"><\/span>\n\t\t\t\t\t\t\t\t<\/span>\n\t\t\t\t\t\t\t\t<div class=\"type-tester__slider\" data-target-property=\"line-height\" \n\t\t\t\t\t\t\t\t\t><\/div>\n\t\t\t\t\t\t\t<\/label>\n\t\t\t\t\t\t<\/div>\t<\/div>\n<\/div><\/div>[\/vc_column_text][\/vc_column][\/vc_row][vc_row row_type=&#8220;row&#8220; use_row_as_full_screen_section=&#8220;no&#8220; type=&#8220;full_width&#8220; text_align=&#8220;left&#8220; background_animation=&#8220;none&#8220; css_animation=&#8220;&#8220;][vc_column][vc_separator type=&#8220;normal&#8220; border_style=&#8220;&#8220;][\/vc_column][\/vc_row][vc_row row_type=&#8220;row&#8220; use_row_as_full_screen_section=&#8220;no&#8220; type=&#8220;grid&#8220; text_align=&#8220;left&#8220; background_animation=&#8220;none&#8220; css_animation=&#8220;&#8220; el_class=&#8220;contentcenter&#8220;][vc_column css_animation=&#8220;top-to-bottom&#8220; width=&#8220;1\/2&#8243; css=&#8220;.vc_custom_1563641182855{padding-right: 30px !important;}&#8220; el_class=&#8220;contentcenter&#8220;][vc_column_text]<\/p>\n<p class=\"p1\"><span class=\"s1\">Die Strichenden sind angeschr\u00e4gt und geben der Schrift ein kantiges Aussehen.<\/span><\/p>\n<p>[\/vc_column_text][\/vc_column][vc_column css_animation=&#8220;top-to-bottom&#8220; width=&#8220;1\/2&#8243;][vc_single_image image=&#8220;21759&#8243; img_size=&#8220;medium&#8220; qode_css_animation=&#8220;&#8220;][\/vc_column][\/vc_row][vc_row row_type=&#8220;row&#8220; use_row_as_full_screen_section=&#8220;no&#8220; type=&#8220;full_width&#8220; text_align=&#8220;left&#8220; background_animation=&#8220;none&#8220; css_animation=&#8220;&#8220;][vc_column][vc_separator type=&#8220;normal&#8220; border_style=&#8220;&#8220;][\/vc_column][\/vc_row][vc_row row_type=&#8220;row&#8220; use_row_as_full_screen_section=&#8220;no&#8220; type=&#8220;grid&#8220; text_align=&#8220;left&#8220; background_animation=&#8220;none&#8220; css_animation=&#8220;&#8220;][vc_column css_animation=&#8220;top-to-bottom&#8220; width=&#8220;1\/2&#8243;][vc_single_image image=&#8220;21761&#8243; img_size=&#8220;medium&#8220; qode_css_animation=&#8220;&#8220;][\/vc_column][vc_column css_animation=&#8220;top-to-bottom&#8220; width=&#8220;1\/2&#8243;][vc_column_text]<\/p>\n<p class=\"p1\"><span class=\"s1\">Das Bein des R und des K ist trotz der kompakten Form geschwungen und erh\u00e4lt so die Dynamik.<\/span><\/p>\n<p>[\/vc_column_text][\/vc_column][\/vc_row][vc_row row_type=&#8220;row&#8220; use_row_as_full_screen_section=&#8220;no&#8220; type=&#8220;full_width&#8220; text_align=&#8220;left&#8220; background_animation=&#8220;none&#8220; css_animation=&#8220;&#8220;][vc_column][vc_separator type=&#8220;normal&#8220; border_style=&#8220;&#8220;][\/vc_column][\/vc_row][vc_row row_type=&#8220;row&#8220; use_row_as_full_screen_section=&#8220;no&#8220; type=&#8220;grid&#8220; text_align=&#8220;left&#8220; background_animation=&#8220;none&#8220; css_animation=&#8220;&#8220;][vc_column css_animation=&#8220;top-to-bottom&#8220; width=&#8220;1\/2&#8243;][vc_column_text]<\/p>\n<p class=\"p1\"><span class=\"s1\"> Die Unter- und Oberl\u00e4ngen sind mit offenen Formen ausgestattet, um den Platz effektiver zu nutzen.<\/span><\/p>\n<p>[\/vc_column_text][\/vc_column][vc_column css_animation=&#8220;top-to-bottom&#8220; width=&#8220;1\/2&#8243;][vc_single_image image=&#8220;21760&#8243; img_size=&#8220;medium&#8220; qode_css_animation=&#8220;&#8220;][\/vc_column][\/vc_row][vc_row row_type=&#8220;row&#8220; use_row_as_full_screen_section=&#8220;no&#8220; type=&#8220;full_width&#8220; text_align=&#8220;left&#8220; background_animation=&#8220;none&#8220; css_animation=&#8220;&#8220;][vc_column][vc_separator type=&#8220;normal&#8220; border_style=&#8220;&#8220;][\/vc_column][\/vc_row][vc_row row_type=&#8220;row&#8220; use_row_as_full_screen_section=&#8220;no&#8220; type=&#8220;grid&#8220; text_align=&#8220;left&#8220; background_animation=&#8220;none&#8220; css_animation=&#8220;&#8220; css=&#8220;.vc_custom_1560421385507{padding-bottom: 20px !important;}&#8220;][vc_column css_animation=&#8220;top-to-bottom&#8220;][vc_single_image image=&#8220;21717&#8243; img_size=&#8220;large&#8220; qode_css_animation=&#8220;&#8220;][\/vc_column][\/vc_row]<\/p>\n","protected":false},"excerpt":{"rendered":"<p>[vc_row row_type=&#8220;row&#8220; use_row_as_full_screen_section=&#8220;no&#8220; type=&#8220;grid&#8220; text_align=&#8220;left&#8220; background_animation=&#8220;none&#8220; css_animation=&#8220;&#8220;][vc_column][vc_gallery type=&#8220;flexslider_slide&#8220; interval=&#8220;3&#8243; images=&#8220;21677,21678,21676&#8243; img_size=&#8220;full&#8220; onclick=&#8220;&#8220;][\/vc_column][\/vc_row][vc_row row_type=&#8220;row&#8220; use_row_as_full_screen_section=&#8220;no&#8220; type=&#8220;grid&#8220; text_align=&#8220;left&#8220; background_animation=&#8220;none&#8220; css_animation=&#8220;&#8220;][vc_column css_animation=&#8220;top-to-bottom&#8220; width=&#8220;1\/2&#8243;][vc_column_text] Die EhrenSzene ist eine Lineare serifenlose Schrift. Sie ist eine schmale Urspr\u00fcngliche Grotesk. Die Schrift ist angelehnt an informelle Schriftanwendungen wie Konzertplakate oder Garagenschilder, wo&#8230;<\/p>\n","protected":false},"author":1,"featured_media":0,"parent":0,"menu_order":0,"comment_status":"closed","ping_status":"closed","template":"full_width.php","meta":{"inline_featured_image":false},"_links":{"self":[{"href":"http:\/\/ehrenfeld.fabian-wilczek.de\/index.php?rest_route=\/wp\/v2\/pages\/21755"}],"collection":[{"href":"http:\/\/ehrenfeld.fabian-wilczek.de\/index.php?rest_route=\/wp\/v2\/pages"}],"about":[{"href":"http:\/\/ehrenfeld.fabian-wilczek.de\/index.php?rest_route=\/wp\/v2\/types\/page"}],"author":[{"embeddable":true,"href":"http:\/\/ehrenfeld.fabian-wilczek.de\/index.php?rest_route=\/wp\/v2\/users\/1"}],"replies":[{"embeddable":true,"href":"http:\/\/ehrenfeld.fabian-wilczek.de\/index.php?rest_route=%2Fwp%2Fv2%2Fcomments&post=21755"}],"version-history":[{"count":0,"href":"http:\/\/ehrenfeld.fabian-wilczek.de\/index.php?rest_route=\/wp\/v2\/pages\/21755\/revisions"}],"wp:attachment":[{"href":"http:\/\/ehrenfeld.fabian-wilczek.de\/index.php?rest_route=%2Fwp%2Fv2%2Fmedia&parent=21755"}],"curies":[{"name":"wp","href":"https:\/\/api.w.org\/{rel}","templated":true}]}}